{"id":17331,"date":"2024-07-11T13:40:46","date_gmt":"2024-07-11T11:40:46","guid":{"rendered":"https:\/\/gradtutor.net\/?page_id=17331"},"modified":"2025-08-15T16:23:49","modified_gmt":"2025-08-15T14:23:49","slug":"impressum","status":"publish","type":"page","link":"https:\/\/gradtutor.net\/de\/impressum\/","title":{"rendered":"Impressum"},"content":{"rendered":"<div data-elementor-type=\"wp-page\" data-elementor-id=\"17331\" class=\"elementor elementor-17331\" data-elementor-post-type=\"page\">\n\t\t\t\t<div class=\"elementor-element elementor-element-4017ef6f e-flex e-con-boxed e-con e-parent\" data-id=\"4017ef6f\" data-element_type=\"container\" data-e-type=\"container\">\n\t\t\t\t\t<div class=\"e-con-inner\">\n\t\t\t\t<div class=\"elementor-element elementor-element-17364638 elementor-widget elementor-widget-heading\" data-id=\"17364638\" data-element_type=\"widget\" data-e-type=\"widget\" data-widget_type=\"heading.default\">\n\t\t\t\t<div class=\"elementor-widget-container\">\n\t\t\t\t\t<h2 class=\"elementor-heading-title elementor-size-default\">Impressum nach \u00a7 5 TMG\u00a0<\/h2>\t\t\t\t<\/div>\n\t\t\t\t<\/div>\n\t\t\t\t<div class=\"elementor-element elementor-element-1403d25 elementor-widget elementor-widget-text-editor\" data-id=\"1403d25\" data-element_type=\"widget\" data-e-type=\"widget\" data-widget_type=\"text-editor.default\">\n\t\t\t\t<div class=\"elementor-widget-container\">\n\t\t\t\t\t\t\t\t\t<p><b><span data-contrast=\"none\">Impressum nach \u00a7 5 TMG<\/span><\/b><span data-ccp-props=\"{&quot;201341983&quot;:0,&quot;335559739&quot;:0,&quot;335559740&quot;:240}\">\u00a0<\/span><\/p><p><span data-contrast=\"none\">Impressum:<\/span><\/p><p><span data-contrast=\"none\">Ilja Gendler &amp; Mona Kuribayashi GbR<\/span><span data-ccp-props=\"{&quot;201341983&quot;:0,&quot;335559739&quot;:0,&quot;335559740&quot;:240}\">\u00a0<\/span><\/p><p><span data-contrast=\"none\">Hauptstra\u00dfe 17<\/span><span data-ccp-props=\"{&quot;201341983&quot;:0,&quot;335559739&quot;:0,&quot;335559740&quot;:240}\">\u00a0<\/span><\/p><p><span data-contrast=\"none\">52066 Aachen<\/span><span data-ccp-props=\"{&quot;201341983&quot;:0,&quot;335559739&quot;:0,&quot;335559740&quot;:240}\">\u00a0<\/span><\/p><p><span data-contrast=\"none\">\u200b<\/span><span data-ccp-props=\"{&quot;201341983&quot;:0,&quot;335559739&quot;:0,&quot;335559740&quot;:240}\">\u00a0<\/span><\/p><p><strong>Vertretungsberechtigten Gesellschafter \/ Proprietors:\u00a0<\/strong><\/p><p><span data-contrast=\"none\">Ilja Alexander Gendler*<\/span><\/p><p><span data-contrast=\"none\">Mona Kuribayashi<\/span><span data-ccp-props=\"{&quot;201341983&quot;:0,&quot;335559739&quot;:0,&quot;335559740&quot;:240}\">\u00a0<\/span><\/p><p><span data-contrast=\"none\">Mit Wirkung zum 25.08.2025 legt Ilja Gendler seine aktive operative Leitung von GradTutor nieder. Das Unternehmen wird weiterhin unter der F\u00fchrung seines Teams und seiner Mitbegr\u00fcnder weitergef\u00fchrt.<\/span><\/p><p><b><span data-contrast=\"none\">Email:<\/span><\/b><span data-ccp-props=\"{&quot;201341983&quot;:0,&quot;335559739&quot;:0,&quot;335559740&quot;:240}\">\u00a0<\/span><\/p><p><a href=\"mailto:info@gradtutor.net\"><span data-contrast=\"none\">info@gradtutor.net<\/span><\/a><span data-ccp-props=\"{&quot;201341983&quot;:0,&quot;335559739&quot;:0,&quot;335559740&quot;:240}\">\u00a0<\/span><\/p><p><span data-contrast=\"none\">\u202f<\/span><span data-ccp-props=\"{&quot;201341983&quot;:0,&quot;335559739&quot;:0,&quot;335559740&quot;:240}\">\u00a0<\/span><\/p><p><b><span data-contrast=\"none\">Telefon \/ Telephone:<\/span><\/b><span data-ccp-props=\"{&quot;201341983&quot;:0,&quot;335559739&quot;:0,&quot;335559740&quot;:240}\">\u00a0<\/span><\/p><p><span data-contrast=\"none\">+491744164160<\/span><span data-ccp-props=\"{&quot;201341983&quot;:0,&quot;335559739&quot;:0,&quot;335559740&quot;:240}\">\u00a0<\/span><\/p><p><span data-contrast=\"none\">\u200b<\/span><span data-ccp-props=\"{&quot;201341983&quot;:0,&quot;335559739&quot;:0,&quot;335559740&quot;:240}\">\u00a0<\/span><\/p><p><span data-contrast=\"none\">Die Ilja Gendler &amp; Mona Kuribayashi GbR ist eine Gesellschaft b\u00fcrgerlichen Rechts nach den Vorschriften des B\u00fcrgerlichen Gesetzbuches mit Sitz in Aachen.<\/span><span data-ccp-props=\"{&quot;201341983&quot;:0,&quot;335559739&quot;:0,&quot;335559740&quot;:240}\">\u00a0<\/span><\/p><p><span data-contrast=\"none\">\u200b<\/span><span data-ccp-props=\"{&quot;201341983&quot;:0,&quot;335559739&quot;:0,&quot;335559740&quot;:240}\">\u00a0<\/span><\/p><p><b><span data-contrast=\"none\">Haftung:<\/span><\/b><span data-ccp-props=\"{&quot;201341983&quot;:0,&quot;335559739&quot;:0,&quot;335559740&quot;:240}\">\u00a0<\/span><\/p><p><span data-contrast=\"none\">Wir sind f\u00fcr die Inhalte unserer Webseiten nach den allgemeinen Gesetzen verantwortlich, insbesondere nach \u00a7 7 TMG. Alle Inhalte werden sorgf\u00e4ltig und nach bestem Wissen erstellt. <\/span><span data-contrast=\"none\">Die Angaben auf dieser Website (insbesondere in den Textbeitr\u00e4gen, Videos, Forumsbeitr\u00e4gen, Newsbeitr\u00e4gen etc.), auf den verlinkten oder gehosteten Videos oder auf verlinkten externen Quellen erfolgen nur zu allgemeinen Informationszwecken und stellen keine Beratung, Willenserkl\u00e4rung oder sonst wie verbindliche \u00c4u\u00dferung dar, wenn es sich nicht um Dienstleistungs- oder Produktbeschreibungen handelt. F\u00fcr Content, Beitr\u00e4ge, Forumsbeitr\u00e4ge, Kommentare von Usern oder jeglichen Content \u00fcbernehmen wir keine Gew\u00e4hr f\u00fcr die Richtigkeit, Vollst\u00e4ndigkeit und Aktualit\u00e4t, soweit es sich nicht um Dienstleistungs- oder Produktbeschreibungen handelt.\u202f <\/span><span data-contrast=\"none\">Soweit wir auf unseren Internetseiten durch Links auf Internetseiten Dritter verweisen, k\u00f6nnen wir keine Gew\u00e4hr f\u00fcr Aktualit\u00e4t, Richtigkeit und Vollst\u00e4ndigkeit der verlinkten Inhalte \u00fcbernehmen. Diese befinden sich au\u00dferhalb unseres Verantwortungsbereichs. Wir haben auf die zuk\u00fcnftige Gestaltung keinen Einfluss.\u202f<\/span><span data-ccp-props=\"{&quot;201341983&quot;:0,&quot;335559739&quot;:0,&quot;335559740&quot;:240}\">\u00a0<\/span><span data-contrast=\"none\">Insbesondere stellt die Beantwortung von Userfragen, weder auf unserer Website noch in einem anderen Social Media Portal, keine Beratung, Willenserkl\u00e4rung oder sonst wie verbindliche \u00c4u\u00dferung dar.<\/span><span data-ccp-props=\"{&quot;201341983&quot;:0,&quot;335559739&quot;:0,&quot;335559740&quot;:240}\">\u00a0<\/span><span data-contrast=\"none\">Sollten aus Ihrer Sicht Inhalte gegen geltendes Recht versto\u00dfen oder unangemessen sein, teilen Sie uns dies bitte mit.<\/span><span data-ccp-props=\"{&quot;201341983&quot;:0,&quot;335559739&quot;:0,&quot;335559740&quot;:240}\">\u00a0<\/span><span data-contrast=\"none\">Die rechtlichen Hinweise auf dieser Seite sowie alle Fragen und Streitigkeiten im Zusammenhang mit der Gestaltung dieser Internetseite unterliegen dem Recht der Bundesrepublik Deutschland.<\/span><span data-ccp-props=\"{&quot;201341983&quot;:0,&quot;335559739&quot;:0,&quot;335559740&quot;:240}\">\u00a0<\/span><span data-contrast=\"none\">Sollten Sie beabsichtigen, uns eine Abmahnung zukommen zu lassen, werden Sie zur Vermeidung unn\u00f6tiger Rechtsstreitigkeiten und -kosten gebeten, uns zun\u00e4chst im Vorfeld zu kontaktieren. Die Kostennote einer anwaltlichen Abmahnung ohne vorhergehende Kontaktaufnahme mit dem Betreiber wird im Sinne der Schadensminderungspflicht als unbegr\u00fcndet zur\u00fcckgewiesen. Die uns damit entstehenden Kosten werden in Rechnung gestellt.<\/span><span data-ccp-props=\"{&quot;201341983&quot;:0,&quot;335559739&quot;:0,&quot;335559740&quot;:240}\">\u00a0<\/span><\/p><p><span data-contrast=\"none\">\u202f<\/span><\/p><p><b><span data-contrast=\"none\">Datenschutz:<\/span><\/b><span data-ccp-props=\"{&quot;201341983&quot;:0,&quot;335559739&quot;:0,&quot;335559740&quot;:240}\">\u00a0<\/span><\/p><p><span data-contrast=\"none\">Unsere Datenschutzerkl\u00e4rung finden Sie hier: <\/span><a href=\"https:\/\/gradtutor.net\/de\/privacy-policy\/\"><span data-contrast=\"auto\">https:\/\/gradtutor.net\/privacy-policy<\/span><\/a><span data-contrast=\"none\">.<\/span><span data-ccp-props=\"{&quot;201341983&quot;:0,&quot;335559739&quot;:0,&quot;335559740&quot;:240}\">\u00a0<\/span><\/p><p><span data-contrast=\"none\">\u200b<\/span><\/p><p><b><span data-contrast=\"none\">Urheberrechtshinweis:<\/span><\/b><span data-ccp-props=\"{&quot;201341983&quot;:0,&quot;335559739&quot;:0,&quot;335559740&quot;:240}\">\u00a0<\/span><\/p><p><span data-contrast=\"none\">Die Texte, Bilder, Fotos, Videos, Grafiken oder sonstige urheberrechtlich gesch\u00fctzte Inhalte auf unserer Webseite unterliegen grunds\u00e4tzlich dem Urheberrechtsschutz. Jede unberechtigte Verwendung dieser Inhalte ist deshalb untersagt, insbesondere ihre Vervielf\u00e4ltigung, Bearbeitung oder Verbreitung. Wenn Sie Inhalte oder Teile davon verwenden wollen, kontaktieren Sie uns bitte im Voraus.<\/span><span data-ccp-props=\"{&quot;201341983&quot;:0,&quot;335559739&quot;:0,&quot;335559740&quot;:240}\">\u00a0<\/span><\/p><p><span data-ccp-props=\"{&quot;201341983&quot;:0,&quot;335559739&quot;:0,&quot;335559740&quot;:240}\">\u00a0<\/span><\/p><p>&#8212;<\/p><p><b><span data-contrast=\"auto\">Imprint according to \u00a7 5 TMG<\/span><\/b><span data-ccp-props=\"{&quot;201341983&quot;:0,&quot;335559739&quot;:0,&quot;335559740&quot;:240}\">\u00a0<\/span><\/p><p><span data-contrast=\"auto\">Imprint:<\/span><span data-ccp-props=\"{&quot;201341983&quot;:0,&quot;335559739&quot;:0,&quot;335559740&quot;:240}\">\u00a0<\/span><\/p><p><span data-contrast=\"none\">Ilja Gendler &amp; Mona Kuribayashi GbR<\/span><span data-ccp-props=\"{&quot;201341983&quot;:0,&quot;335559739&quot;:0,&quot;335559740&quot;:240}\">\u00a0<\/span><\/p><p><span data-contrast=\"none\">Hauptstra\u00dfe 17<\/span><span data-ccp-props=\"{&quot;201341983&quot;:0,&quot;335559739&quot;:0,&quot;335559740&quot;:240}\">\u00a0<\/span><\/p><p><span data-contrast=\"none\">52066 Aachen<\/span><span data-ccp-props=\"{&quot;201341983&quot;:0,&quot;335559739&quot;:0,&quot;335559740&quot;:240}\">\u00a0<\/span><\/p><p><strong>Proprietors:\u00a0<\/strong><\/p><p><span data-contrast=\"auto\">Ilja Alexander Gendler*<\/span><\/p><p><span data-contrast=\"auto\">Mona Kuribayashi<\/span><span data-ccp-props=\"{&quot;201341983&quot;:0,&quot;335559739&quot;:0,&quot;335559740&quot;:240}\">\u00a0<\/span><\/p><p><span data-ccp-props=\"{&quot;201341983&quot;:0,&quot;335559739&quot;:0,&quot;335559740&quot;:240}\">As of 25.08.25, Ilja Gendler has stepped down from active operational management of GradTutor. The business continues to operate under the leadership of its team and co-founders.<\/span><\/p><p><b><span data-contrast=\"auto\">Email:<\/span><\/b><span data-ccp-props=\"{&quot;201341983&quot;:0,&quot;335559739&quot;:0,&quot;335559740&quot;:240}\">\u00a0<\/span><\/p><p><a href=\"mailto:info@gradtutor.net\"><span data-contrast=\"none\">info@gradtutor.net<\/span><\/a><span data-ccp-props=\"{&quot;201341983&quot;:0,&quot;335559739&quot;:0,&quot;335559740&quot;:240}\">\u00a0<\/span><\/p><p><span data-contrast=\"auto\">\u00a0<\/span><\/p><p><b><span data-contrast=\"auto\">Telefon \/ Telephone:<\/span><\/b><span data-ccp-props=\"{&quot;201341983&quot;:0,&quot;335559739&quot;:0,&quot;335559740&quot;:240}\">\u00a0<\/span><\/p><p><span data-contrast=\"auto\">+491744164160<\/span><span data-ccp-props=\"{&quot;201341983&quot;:0,&quot;335559739&quot;:0,&quot;335559740&quot;:240}\">\u00a0<\/span><\/p><p><span data-contrast=\"auto\">Ilja Gendler &amp; Mona Kuribayashi GbR is a partnership under civil law in accordance with the provisions of the German Civil Code, based in Aachen.<\/span><span data-ccp-props=\"{&quot;201341983&quot;:0,&quot;335559739&quot;:0,&quot;335559740&quot;:240}\">\u00a0<\/span><\/p><p><span data-ccp-props=\"{&quot;201341983&quot;:0,&quot;335559739&quot;:0,&quot;335559740&quot;:240}\">\u00a0<\/span><\/p><p><b><span data-contrast=\"auto\">Liability<\/span><\/b><span data-contrast=\"auto\">:<\/span><span data-ccp-props=\"{&quot;201341983&quot;:0,&quot;335559739&quot;:0,&quot;335559740&quot;:240}\">\u00a0<\/span><\/p><p><span data-contrast=\"auto\">We are responsible for the content of our website in accordance with the general laws, in particular \u00a7 7 TMG. All content is created carefully and to the best of our knowledge.<\/span><span data-ccp-props=\"{&quot;201341983&quot;:0,&quot;335559739&quot;:0,&quot;335559740&quot;:240}\">\u00a0<\/span><span data-contrast=\"auto\">The information on this website (in particular in the text contributions, videos, forum contributions, news contributions, etc.), on the linked or hosted videos or on linked external sources is provided for general information purposes only and does not constitute advice, a declaration of intent or any other binding statement, unless it concerns service or product descriptions. We accept no liability for the accuracy, completeness and topicality of content, contributions, forum posts, user comments or any other content, unless it concerns service or product descriptions. <\/span><span data-contrast=\"auto\">Insofar as we refer to third-party websites via links on our website, we cannot accept any liability for the topicality, accuracy and completeness of the linked content. These are outside our area of responsibility. We have no influence on the future design. <\/span><span data-contrast=\"auto\">In particular, the answering of user questions, neither on our website nor in any other social media portal, does not constitute advice, a declaration of intent or any other binding statement. <\/span><span data-contrast=\"auto\">If, in your opinion, content violates applicable law or is inappropriate, please let us know.<\/span><span data-ccp-props=\"{&quot;201341983&quot;:0,&quot;335559739&quot;:0,&quot;335559740&quot;:240}\">\u00a0<\/span><span data-contrast=\"auto\">The legal information on this page as well as all questions and disputes in connection with the design of this website are subject to the law of the Federal Republic of Germany.<\/span><span data-ccp-props=\"{&quot;201341983&quot;:0,&quot;335559739&quot;:0,&quot;335559740&quot;:240}\">\u00a0<\/span><span data-contrast=\"auto\">If you intend to send us a warning, you are requested to contact us in advance in order to avoid unnecessary legal disputes and costs. The cost note of a lawyer&#8217;s warning without prior contact with the operator will be rejected as unfounded in the sense of the duty to minimize damages. The costs incurred by us will be invoiced.<\/span><span data-ccp-props=\"{&quot;201341983&quot;:0,&quot;335559739&quot;:0,&quot;335559740&quot;:240}\">\u00a0<\/span><\/p><p><span data-ccp-props=\"{&quot;201341983&quot;:0,&quot;335559739&quot;:0,&quot;335559740&quot;:240}\">\u00a0<\/span><\/p><p><b><span data-contrast=\"auto\">Data protection:<\/span><\/b><span data-ccp-props=\"{&quot;201341983&quot;:0,&quot;335559739&quot;:0,&quot;335559740&quot;:240}\">\u00a0<\/span><\/p><p><span data-contrast=\"auto\">You can find our privacy policy here: <a href=\"https:\/\/gradtutor.net\/de\/privacy-policy\/\">https:\/\/gradtutor.net\/privacy-policy<\/a>.<\/span><span data-ccp-props=\"{&quot;201341983&quot;:0,&quot;335559739&quot;:0,&quot;335559740&quot;:240}\">\u00a0<\/span><\/p><p><b><span data-contrast=\"auto\">Copyright notice:<\/span><\/b><span data-ccp-props=\"{&quot;201341983&quot;:0,&quot;335559739&quot;:0,&quot;335559740&quot;:240}\">\u00a0<\/span><\/p><p><span data-contrast=\"auto\">The texts, images, photos, videos, graphics or other copyrighted content on our website are generally subject to copyright protection. Any unauthorized use of this content is therefore prohibited, in particular its reproduction, editing or distribution. If you wish to use content or parts thereof, please contact us in advance.<\/span><span data-ccp-props=\"{&quot;201341983&quot;:0,&quot;335559739&quot;:0,&quot;335559740&quot;:240}\">\u00a0<\/span><\/p>\t\t\t\t\t\t\t\t<\/div>\n\t\t\t\t<\/div>\n\t\t\t\t\t<\/div>\n\t\t\t\t<\/div>\n\t\t\t\t<\/div>","protected":false},"excerpt":{"rendered":"<p>Impressum nach \u00a7 5 TMG\u00a0 Impressum nach \u00a7 5 TMG\u00a0 Impressum: Ilja Gendler &amp; Mona Kuribayashi GbR\u00a0 Hauptstra\u00dfe 17\u00a0 52066 Aachen\u00a0 \u200b\u00a0 Vertretungsberechtigten Gesellschafter \/ Proprietors:\u00a0 Ilja Alexander Gendler* Mona Kuribayashi\u00a0 Mit Wirkung zum 25.08.2025 legt Ilja Gendler seine aktive operative Leitung von GradTutor nieder. Das Unternehmen wird weiterhin unter der F\u00fchrung seines Teams und [&hellip;]<\/p>\n","protected":false},"author":1,"featured_media":0,"parent":0,"menu_order":0,"comment_status":"closed","ping_status":"closed","template":"","meta":{"_monsterinsights_skip_tracking":false,"_monsterinsights_sitenote_active":false,"_monsterinsights_sitenote_note":"","_monsterinsights_sitenote_category":0,"_jet_sm_ready_style":"","_jet_sm_style":"","_jet_sm_controls_values":"","_jet_sm_fonts_collection":"","_jet_sm_fonts_links":"","footnotes":""},"class_list":["post-17331","page","type-page","status-publish","hentry"],"_links":{"self":[{"href":"https:\/\/gradtutor.net\/de\/wp-json\/wp\/v2\/pages\/17331","targetHints":{"allow":["GET"]}}],"collection":[{"href":"https:\/\/gradtutor.net\/de\/wp-json\/wp\/v2\/pages"}],"about":[{"href":"https:\/\/gradtutor.net\/de\/wp-json\/wp\/v2\/types\/page"}],"author":[{"embeddable":true,"href":"https:\/\/gradtutor.net\/de\/wp-json\/wp\/v2\/users\/1"}],"replies":[{"embeddable":true,"href":"https:\/\/gradtutor.net\/de\/wp-json\/wp\/v2\/comments?post=17331"}],"version-history":[{"count":25,"href":"https:\/\/gradtutor.net\/de\/wp-json\/wp\/v2\/pages\/17331\/revisions"}],"predecessor-version":[{"id":52571,"href":"https:\/\/gradtutor.net\/de\/wp-json\/wp\/v2\/pages\/17331\/revisions\/52571"}],"wp:attachment":[{"href":"https:\/\/gradtutor.net\/de\/wp-json\/wp\/v2\/media?parent=17331"}],"curies":[{"name":"wp","href":"https:\/\/api.w.org\/{rel}","templated":true}]}}